{"id":2058,"date":"2023-02-06T16:23:47","date_gmt":"2023-02-06T16:23:47","guid":{"rendered":"https:\/\/latchisailingcharters.com\/sommaire\/pied-de-page\/"},"modified":"2025-03-30T11:45:46","modified_gmt":"2025-03-30T11:45:46","slug":"pied-de-page","status":"publish","type":"page","link":"https:\/\/latchisailingcharters.com\/fr\/sommaire\/pied-de-page\/","title":{"rendered":"Footer"},"content":{"rendered":"<section id=\"bt_bb_section6a0518bd3ff88\" class=\"bt_bb_section bt_bb_color_scheme_9 bt_bb_layout_boxed_1200 bt_bb_vertical_align_top bt_bb_top_section_coverage_image bt_bb_section_with_top_coverage_image bt_bb_top_spacing_large bt_bb_bottom_spacing_large bt_bb_negative_margin_none\" style=\"; --section-primary-color:var(--light-color); --section-secondary-color:var(--dark-color);\" data-bt-override-class=\"{&quot;bt_bb_top_spacing_&quot;:{&quot;current_class&quot;:&quot;bt_bb_top_spacing_large&quot;,&quot;def&quot;:&quot;large&quot;,&quot;xl&quot;:&quot;large&quot;},&quot;bt_bb_bottom_spacing_&quot;:{&quot;current_class&quot;:&quot;bt_bb_bottom_spacing_large&quot;,&quot;def&quot;:&quot;large&quot;,&quot;xl&quot;:&quot;large&quot;},&quot;bt_bb_negative_margin_&quot;:{&quot;current_class&quot;:&quot;bt_bb_negative_margin_none&quot;,&quot;def&quot;:&quot;none&quot;,&quot;xl&quot;:&quot;none&quot;}}\"><div class=\"bt_bb_background_image_holder_wrapper\"><div class=\"bt_bb_background_image_holder btLazyLoadBackground bt_bb_parallax\"  data-background_image_src=\"https:\/\/latchisailingcharters.com\/wp-content\/uploads\/2023\/02\/background_footer.jpg\" data-parallax=\"0.6\" data-parallax-offset=\"0\" data-parallax-zoom-start=\"1\" data-parallax-zoom-end=\"1\" data-parallax-blur-start=\"0\" data-parallax-blur-end=\"0\" data-parallax-opacity-start=\"1\" data-parallax-opacity-end=\"1\" style=\" background-image: url(&#039;https:\/\/latchisailingcharters.com\/wp-content\/plugins\/bold-page-builder\/img\/blank.gif&#039;);\"><\/div><\/div><div class=\"bt_bb_port\"><div class=\"bt_bb_cell\"><div class=\"bt_bb_cell_inner\"><div class=\"bt_bb_row \"  data-bt-override-class=\"{}\"><div class=\"bt_bb_row_holder\" ><div  class=\"bt_bb_column col-xxl-12 col-xl-12 col-xs-12 col-sm-12 col-md-12 col-lg-12 bt_bb_vertical_align_top bt_bb_align_center bt_bb_padding_none bt_bb_animation_fade_in animate\" style=\"; --column-width:12;\" data-width=\"12\" data-bt-override-class=\"{&quot;bt_bb_align_&quot;:{&quot;current_class&quot;:&quot;bt_bb_align_center&quot;,&quot;def&quot;:&quot;center&quot;,&quot;xl&quot;:&quot;center&quot;},&quot;bt_bb_padding_&quot;:{&quot;current_class&quot;:&quot;bt_bb_padding_none&quot;,&quot;def&quot;:&quot;none&quot;,&quot;xl&quot;:&quot;none&quot;}}\"><div class=\"bt_bb_column_content\"><div class=\"bt_bb_column_content_inner\"><div class=\"bt_bb_column_content_inner_inner\"><div data-bb-version=\"5.2.6\" class=\"bt_bb_image bt_bb_shape_square bt_bb_target_self bt_bb_align_inherit bt_bb_hover_style_simple bt_bb_content_display_always bt_bb_content_align_middle bt_bb_top_negative_margin_none bt_bb_bottom_negative_margin_none bt_bb_right_negative_margin_none bt_bb_left_negative_margin_none\" data-bt-override-class=\"{&quot;bt_bb_align_&quot;:{&quot;current_class&quot;:&quot;bt_bb_align_inherit&quot;,&quot;def&quot;:&quot;inherit&quot;},&quot;bt_bb_content_display_&quot;:{&quot;current_class&quot;:&quot;bt_bb_content_display_always&quot;,&quot;def&quot;:&quot;always&quot;},&quot;bt_bb_top_negative_margin_&quot;:{&quot;current_class&quot;:&quot;bt_bb_top_negative_margin_none&quot;,&quot;def&quot;:&quot;none&quot;},&quot;bt_bb_bottom_negative_margin_&quot;:{&quot;current_class&quot;:&quot;bt_bb_bottom_negative_margin_none&quot;,&quot;def&quot;:&quot;none&quot;},&quot;bt_bb_right_negative_margin_&quot;:{&quot;current_class&quot;:&quot;bt_bb_right_negative_margin_none&quot;,&quot;def&quot;:&quot;none&quot;},&quot;bt_bb_left_negative_margin_&quot;:{&quot;current_class&quot;:&quot;bt_bb_left_negative_margin_none&quot;,&quot;def&quot;:&quot;none&quot;},&quot;bt_bb_animation_&quot;:{&quot;current_class&quot;:&quot;bt_bb_animation_no_animation&quot;,&quot;def&quot;:&quot;no_animation&quot;}}\"><span><img loading=\"lazy\" decoding=\"async\" width=\"190\" height=\"180\" src=\"https:\/\/latchisailingcharters.com\/wp-content\/uploads\/2025\/03\/logo-footer.png\" class=\"attachment-full size-full\" alt=\"https:\/\/latchisailingcharters.com\/wp-content\/uploads\/2025\/03\/logo-footer.png\" data-full_image_src=\"https:\/\/latchisailingcharters.com\/wp-content\/uploads\/2025\/03\/logo-footer.png\" title=\"logo-footer\" \/><\/span><\/div><div class=\"bt_bb_separator_v2 bt_bb_border_style_none bt_bb_top_spacing_none bt_bb_bottom_spacing_small bt_bb_border_thickness_1 bt_bb_icon_size_normal bt_bb_text_size_normal bt_bb_separator_v2_without_content\" data-bt-override-class=\"{&quot;bt_bb_top_spacing_&quot;:{&quot;current_class&quot;:&quot;bt_bb_top_spacing_none&quot;,&quot;def&quot;:&quot;none&quot;,&quot;xl&quot;:&quot;none&quot;},&quot;bt_bb_bottom_spacing_&quot;:{&quot;current_class&quot;:&quot;bt_bb_bottom_spacing_small&quot;,&quot;def&quot;:&quot;small&quot;,&quot;xl&quot;:&quot;small&quot;},&quot;bt_bb_border_thickness_&quot;:{&quot;current_class&quot;:&quot;bt_bb_border_thickness_1&quot;,&quot;def&quot;:&quot;1&quot;,&quot;xl&quot;:&quot;1&quot;},&quot;bt_bb_icon_size_&quot;:{&quot;current_class&quot;:&quot;bt_bb_icon_size_normal&quot;,&quot;def&quot;:&quot;normal&quot;,&quot;xl&quot;:&quot;normal&quot;},&quot;bt_bb_text_size_&quot;:{&quot;current_class&quot;:&quot;bt_bb_text_size_normal&quot;,&quot;def&quot;:&quot;normal&quot;,&quot;xl&quot;:&quot;normal&quot;}}\"><div class=\"bt_bb_separator_v2_inner\"><span class=\"bt_bb_separator_v2_inner_before\"><\/span><span class=\"bt_bb_separator_v2_inner_content\"><span  data-ico-=\"\" class=\"bt_bb_icon_holder\"><\/span><\/span><span class=\"bt_bb_separator_v2_inner_after\"><\/span><\/div><\/div><div  class=\"bt_bb_text bt_bb_font_size_16px\" ><\/p>\n<p>Bienvenue \u00e0 Latchi Sailing Charters pour des aventures spectaculaires en mer \u00e0 la journ\u00e9e, directement depuis le port de Latchi.<br \/>\n<strong>Authentic Sailing and Yachting<\/strong><\/p>\n<p>\n<\/div><div class=\"bt_bb_separator_v2 bt_bb_border_style_none bt_bb_top_spacing_none bt_bb_bottom_spacing_normal bt_bb_border_thickness_1 bt_bb_icon_size_normal bt_bb_text_size_normal bt_bb_separator_v2_without_content\" data-bt-override-class=\"{&quot;bt_bb_top_spacing_&quot;:{&quot;current_class&quot;:&quot;bt_bb_top_spacing_none&quot;,&quot;def&quot;:&quot;none&quot;,&quot;xl&quot;:&quot;none&quot;},&quot;bt_bb_bottom_spacing_&quot;:{&quot;current_class&quot;:&quot;bt_bb_bottom_spacing_normal&quot;,&quot;def&quot;:&quot;normal&quot;,&quot;xl&quot;:&quot;normal&quot;},&quot;bt_bb_border_thickness_&quot;:{&quot;current_class&quot;:&quot;bt_bb_border_thickness_1&quot;,&quot;def&quot;:&quot;1&quot;,&quot;xl&quot;:&quot;1&quot;},&quot;bt_bb_icon_size_&quot;:{&quot;current_class&quot;:&quot;bt_bb_icon_size_normal&quot;,&quot;def&quot;:&quot;normal&quot;,&quot;xl&quot;:&quot;normal&quot;},&quot;bt_bb_text_size_&quot;:{&quot;current_class&quot;:&quot;bt_bb_text_size_normal&quot;,&quot;def&quot;:&quot;normal&quot;,&quot;xl&quot;:&quot;normal&quot;}}\"><div class=\"bt_bb_separator_v2_inner\"><span class=\"bt_bb_separator_v2_inner_before\"><\/span><span class=\"bt_bb_separator_v2_inner_content\"><span  data-ico-=\"\" class=\"bt_bb_icon_holder\"><\/span><\/span><span class=\"bt_bb_separator_v2_inner_after\"><\/span><\/div><\/div><div data-bb-version=\"5.2.8\" class=\"bt_bb_icon bt_bb_color_scheme_1 bt_bb_style_filled bt_bb_size_medium bt_bb_shape_circle bt_bb_target_blank bt_bb_text_empty bt_bb_align_inherit btNoText\" style=\"; --primary-color:var(--accent-color); --secondary-color:var(--light-color);\" data-bt-override-class=\"{&quot;bt_bb_size_&quot;:{&quot;current_class&quot;:&quot;bt_bb_size_medium&quot;,&quot;def&quot;:&quot;medium&quot;},&quot;bt_bb_align_&quot;:{&quot;current_class&quot;:&quot;bt_bb_align_inherit&quot;,&quot;def&quot;:&quot;inherit&quot;},&quot;bt_bb_animation_&quot;:{&quot;current_class&quot;:&quot;bt_bb_animation_no_animation&quot;,&quot;def&quot;:&quot;no_animation&quot;}}\"><a href=\"https:\/\/www.facebook.com\/latchisailingcharters\"  target=\"_blank\"   data-ico-remixiconslogos=\"&#xe930;\" class=\"bt_bb_icon_holder\"><\/a><\/div><div data-bb-version=\"5.2.8\" class=\"bt_bb_icon bt_bb_color_scheme_1 bt_bb_style_filled bt_bb_size_medium bt_bb_shape_circle bt_bb_target_blank bt_bb_text_empty bt_bb_align_inherit btNoText\" style=\"; --primary-color:var(--accent-color); --secondary-color:var(--light-color);\" data-bt-override-class=\"{&quot;bt_bb_size_&quot;:{&quot;current_class&quot;:&quot;bt_bb_size_medium&quot;,&quot;def&quot;:&quot;medium&quot;},&quot;bt_bb_align_&quot;:{&quot;current_class&quot;:&quot;bt_bb_align_inherit&quot;,&quot;def&quot;:&quot;inherit&quot;},&quot;bt_bb_animation_&quot;:{&quot;current_class&quot;:&quot;bt_bb_animation_no_animation&quot;,&quot;def&quot;:&quot;no_animation&quot;}}\"><a href=\"https:\/\/x.com\/LatchiSailing\"  target=\"_blank\"   data-ico-fontawesome5brands=\"&#xe056;\" class=\"bt_bb_icon_holder\"><\/a><\/div><div data-bb-version=\"5.2.8\" class=\"bt_bb_icon bt_bb_color_scheme_1 bt_bb_style_filled bt_bb_size_medium bt_bb_shape_circle bt_bb_target_blank bt_bb_text_empty bt_bb_align_inherit btNoText\" style=\"; --primary-color:var(--accent-color); --secondary-color:var(--light-color);\" data-bt-override-class=\"{&quot;bt_bb_size_&quot;:{&quot;current_class&quot;:&quot;bt_bb_size_medium&quot;,&quot;def&quot;:&quot;medium&quot;},&quot;bt_bb_align_&quot;:{&quot;current_class&quot;:&quot;bt_bb_align_inherit&quot;,&quot;def&quot;:&quot;inherit&quot;},&quot;bt_bb_animation_&quot;:{&quot;current_class&quot;:&quot;bt_bb_animation_no_animation&quot;,&quot;def&quot;:&quot;no_animation&quot;}}\"><a href=\"https:\/\/www.instagram.com\/latchisailing\"  target=\"_blank\"   data-ico-fontawesome5brands=\"&#xf16d;\" class=\"bt_bb_icon_holder\"><\/a><\/div><div data-bb-version=\"5.2.8\" class=\"bt_bb_icon bt_bb_color_scheme_1 bt_bb_style_filled bt_bb_size_medium bt_bb_shape_circle bt_bb_target_blank bt_bb_text_empty bt_bb_align_inherit btNoText\" style=\"; --primary-color:var(--accent-color); --secondary-color:var(--light-color);\" data-bt-override-class=\"{&quot;bt_bb_size_&quot;:{&quot;current_class&quot;:&quot;bt_bb_size_medium&quot;,&quot;def&quot;:&quot;medium&quot;},&quot;bt_bb_align_&quot;:{&quot;current_class&quot;:&quot;bt_bb_align_inherit&quot;,&quot;def&quot;:&quot;inherit&quot;},&quot;bt_bb_animation_&quot;:{&quot;current_class&quot;:&quot;bt_bb_animation_no_animation&quot;,&quot;def&quot;:&quot;no_animation&quot;}}\"><a href=\"https:\/\/www.threads.net\/@latchisailing\"  target=\"_blank\"   data-ico-fontawesome6brands=\"&#xe618;\" class=\"bt_bb_icon_holder\"><\/a><\/div><div data-bb-version=\"5.2.8\" class=\"bt_bb_icon bt_bb_color_scheme_1 bt_bb_style_filled bt_bb_size_medium bt_bb_shape_circle bt_bb_target_blank bt_bb_text_empty bt_bb_align_inherit btNoText\" style=\"; --primary-color:var(--accent-color); --secondary-color:var(--light-color);\" data-bt-override-class=\"{&quot;bt_bb_size_&quot;:{&quot;current_class&quot;:&quot;bt_bb_size_medium&quot;,&quot;def&quot;:&quot;medium&quot;},&quot;bt_bb_align_&quot;:{&quot;current_class&quot;:&quot;bt_bb_align_inherit&quot;,&quot;def&quot;:&quot;inherit&quot;},&quot;bt_bb_animation_&quot;:{&quot;current_class&quot;:&quot;bt_bb_animation_no_animation&quot;,&quot;def&quot;:&quot;no_animation&quot;}}\"><a href=\"https:\/\/www.youtube.com\/latchisailingcharters\"  target=\"_blank\"   data-ico-remixiconslogos=\"&#xe9b9;\" class=\"bt_bb_icon_holder\"><\/a><\/div><\/div><\/div><\/div><\/div><\/div><\/div><\/div><!-- cell_inner --><\/div><!-- cell --><\/div><!-- port --><div class=\"bt_bb_section_top_section_coverage_image\"><img decoding=\"async\" src=\"https:\/\/latchisailingcharters.com\/wp-content\/uploads\/2023\/02\/top_cover_white.png\" alt=\"bt_bb_section_top_section_coverage_image\" \/><\/div><\/section>\n","protected":false},"excerpt":{"rendered":"","protected":false},"author":1,"featured_media":0,"parent":2048,"menu_order":0,"comment_status":"closed","ping_status":"closed","template":"","meta":{"nf_dc_page":"","footnotes":""},"class_list":["post-2058","page","type-page","status-publish","hentry"],"yoast_head":"<!-- This site is optimized with the Yoast SEO plugin v27.2 - https:\/\/yoast.com\/product\/yoast-seo-wordpress\/ -->\n<title>Footer - Latchi Sailing Charters<\/title>\n<meta name=\"robots\" content=\"index, follow, max-snippet:-1, max-image-preview:large, max-video-preview:-1\" \/>\n<link rel=\"canonical\" href=\"https:\/\/latchisailingcharters.com\/fr\/sommaire\/pied-de-page\/\" \/>\n<meta property=\"og:locale\" content=\"fr_FR\" \/>\n<meta property=\"og:type\" content=\"article\" \/>\n<meta property=\"og:title\" content=\"Footer - Latchi Sailing Charters\" \/>\n<meta property=\"og:url\" content=\"https:\/\/latchisailingcharters.com\/fr\/sommaire\/pied-de-page\/\" \/>\n<meta property=\"og:site_name\" content=\"Latchi Sailing Charters\" \/>\n<meta property=\"article:publisher\" content=\"https:\/\/www.facebook.com\/latchisailingcharters\" \/>\n<meta property=\"article:modified_time\" content=\"2025-03-30T11:45:46+00:00\" \/>\n<meta name=\"twitter:card\" content=\"summary_large_image\" \/>\n<meta name=\"twitter:site\" content=\"@LatchiSailing\" \/>\n<meta name=\"twitter:label1\" content=\"Dur\u00e9e de lecture estim\u00e9e\" \/>\n\t<meta name=\"twitter:data1\" content=\"1 minute\" \/>\n<script type=\"application\/ld+json\" class=\"yoast-schema-graph\">{\"@context\":\"https:\/\/schema.org\",\"@graph\":[{\"@type\":\"WebPage\",\"@id\":\"https:\/\/latchisailingcharters.com\/fr\/sommaire\/pied-de-page\/\",\"url\":\"https:\/\/latchisailingcharters.com\/fr\/sommaire\/pied-de-page\/\",\"name\":\"Footer - Latchi Sailing Charters\",\"isPartOf\":{\"@id\":\"https:\/\/latchisailingcharters.com\/fr\/#website\"},\"datePublished\":\"2023-02-06T16:23:47+00:00\",\"dateModified\":\"2025-03-30T11:45:46+00:00\",\"breadcrumb\":{\"@id\":\"https:\/\/latchisailingcharters.com\/fr\/sommaire\/pied-de-page\/#breadcrumb\"},\"inLanguage\":\"fr-FR\",\"potentialAction\":[{\"@type\":\"ReadAction\",\"target\":[\"https:\/\/latchisailingcharters.com\/fr\/sommaire\/pied-de-page\/\"]}]},{\"@type\":\"BreadcrumbList\",\"@id\":\"https:\/\/latchisailingcharters.com\/fr\/sommaire\/pied-de-page\/#breadcrumb\",\"itemListElement\":[{\"@type\":\"ListItem\",\"position\":1,\"name\":\"Home\",\"item\":\"https:\/\/latchisailingcharters.com\/fr\/\"},{\"@type\":\"ListItem\",\"position\":2,\"name\":\"Sommaire\",\"item\":\"https:\/\/latchisailingcharters.com\/fr\/\"},{\"@type\":\"ListItem\",\"position\":3,\"name\":\"Footer\"}]},{\"@type\":\"WebSite\",\"@id\":\"https:\/\/latchisailingcharters.com\/fr\/#website\",\"url\":\"https:\/\/latchisailingcharters.com\/fr\/\",\"name\":\"Latchi Sailing Charters\",\"description\":\"For spectacular day sailing adventures direct from Latchi Harbour\",\"publisher\":{\"@id\":\"https:\/\/latchisailingcharters.com\/fr\/#organization\"},\"potentialAction\":[{\"@type\":\"SearchAction\",\"target\":{\"@type\":\"EntryPoint\",\"urlTemplate\":\"https:\/\/latchisailingcharters.com\/fr\/?s={search_term_string}\"},\"query-input\":{\"@type\":\"PropertyValueSpecification\",\"valueRequired\":true,\"valueName\":\"search_term_string\"}}],\"inLanguage\":\"fr-FR\"},{\"@type\":\"Organization\",\"@id\":\"https:\/\/latchisailingcharters.com\/fr\/#organization\",\"name\":\"Latchi Sailing Charters\",\"url\":\"https:\/\/latchisailingcharters.com\/fr\/\",\"logo\":{\"@type\":\"ImageObject\",\"inLanguage\":\"fr-FR\",\"@id\":\"https:\/\/latchisailingcharters.com\/fr\/#\/schema\/logo\/image\/\",\"url\":\"https:\/\/latchisailingcharters.com\/wp-content\/uploads\/2025\/03\/cropped-site-icon-2025.png\",\"contentUrl\":\"https:\/\/latchisailingcharters.com\/wp-content\/uploads\/2025\/03\/cropped-site-icon-2025.png\",\"width\":512,\"height\":512,\"caption\":\"Latchi Sailing Charters\"},\"image\":{\"@id\":\"https:\/\/latchisailingcharters.com\/fr\/#\/schema\/logo\/image\/\"},\"sameAs\":[\"https:\/\/www.facebook.com\/latchisailingcharters\",\"https:\/\/x.com\/LatchiSailing\",\"https:\/\/www.instagram.com\/latchisailing\/\",\"https:\/\/www.threads.net\/@latchisailing\",\"https:\/\/www.youtube.com\/@LatchiSailingCharters\",\"https:\/\/g.co\/kgs\/23ybDxk\"]}]}<\/script>\n<!-- \/ Yoast SEO plugin. -->","yoast_head_json":{"title":"Footer - Latchi Sailing Charters","robots":{"index":"index","follow":"follow","max-snippet":"max-snippet:-1","max-image-preview":"max-image-preview:large","max-video-preview":"max-video-preview:-1"},"canonical":"https:\/\/latchisailingcharters.com\/fr\/sommaire\/pied-de-page\/","og_locale":"fr_FR","og_type":"article","og_title":"Footer - Latchi Sailing Charters","og_url":"https:\/\/latchisailingcharters.com\/fr\/sommaire\/pied-de-page\/","og_site_name":"Latchi Sailing Charters","article_publisher":"https:\/\/www.facebook.com\/latchisailingcharters","article_modified_time":"2025-03-30T11:45:46+00:00","twitter_card":"summary_large_image","twitter_site":"@LatchiSailing","twitter_misc":{"Dur\u00e9e de lecture estim\u00e9e":"1 minute"},"schema":{"@context":"https:\/\/schema.org","@graph":[{"@type":"WebPage","@id":"https:\/\/latchisailingcharters.com\/fr\/sommaire\/pied-de-page\/","url":"https:\/\/latchisailingcharters.com\/fr\/sommaire\/pied-de-page\/","name":"Footer - Latchi Sailing Charters","isPartOf":{"@id":"https:\/\/latchisailingcharters.com\/fr\/#website"},"datePublished":"2023-02-06T16:23:47+00:00","dateModified":"2025-03-30T11:45:46+00:00","breadcrumb":{"@id":"https:\/\/latchisailingcharters.com\/fr\/sommaire\/pied-de-page\/#breadcrumb"},"inLanguage":"fr-FR","potentialAction":[{"@type":"ReadAction","target":["https:\/\/latchisailingcharters.com\/fr\/sommaire\/pied-de-page\/"]}]},{"@type":"BreadcrumbList","@id":"https:\/\/latchisailingcharters.com\/fr\/sommaire\/pied-de-page\/#breadcrumb","itemListElement":[{"@type":"ListItem","position":1,"name":"Home","item":"https:\/\/latchisailingcharters.com\/fr\/"},{"@type":"ListItem","position":2,"name":"Sommaire","item":"https:\/\/latchisailingcharters.com\/fr\/"},{"@type":"ListItem","position":3,"name":"Footer"}]},{"@type":"WebSite","@id":"https:\/\/latchisailingcharters.com\/fr\/#website","url":"https:\/\/latchisailingcharters.com\/fr\/","name":"Latchi Sailing Charters","description":"For spectacular day sailing adventures direct from Latchi Harbour","publisher":{"@id":"https:\/\/latchisailingcharters.com\/fr\/#organization"},"potentialAction":[{"@type":"SearchAction","target":{"@type":"EntryPoint","urlTemplate":"https:\/\/latchisailingcharters.com\/fr\/?s={search_term_string}"},"query-input":{"@type":"PropertyValueSpecification","valueRequired":true,"valueName":"search_term_string"}}],"inLanguage":"fr-FR"},{"@type":"Organization","@id":"https:\/\/latchisailingcharters.com\/fr\/#organization","name":"Latchi Sailing Charters","url":"https:\/\/latchisailingcharters.com\/fr\/","logo":{"@type":"ImageObject","inLanguage":"fr-FR","@id":"https:\/\/latchisailingcharters.com\/fr\/#\/schema\/logo\/image\/","url":"https:\/\/latchisailingcharters.com\/wp-content\/uploads\/2025\/03\/cropped-site-icon-2025.png","contentUrl":"https:\/\/latchisailingcharters.com\/wp-content\/uploads\/2025\/03\/cropped-site-icon-2025.png","width":512,"height":512,"caption":"Latchi Sailing Charters"},"image":{"@id":"https:\/\/latchisailingcharters.com\/fr\/#\/schema\/logo\/image\/"},"sameAs":["https:\/\/www.facebook.com\/latchisailingcharters","https:\/\/x.com\/LatchiSailing","https:\/\/www.instagram.com\/latchisailing\/","https:\/\/www.threads.net\/@latchisailing","https:\/\/www.youtube.com\/@LatchiSailingCharters","https:\/\/g.co\/kgs\/23ybDxk"]}]}},"_links":{"self":[{"href":"https:\/\/latchisailingcharters.com\/fr\/wp-json\/wp\/v2\/pages\/2058","targetHints":{"allow":["GET"]}}],"collection":[{"href":"https:\/\/latchisailingcharters.com\/fr\/wp-json\/wp\/v2\/pages"}],"about":[{"href":"https:\/\/latchisailingcharters.com\/fr\/wp-json\/wp\/v2\/types\/page"}],"author":[{"embeddable":true,"href":"https:\/\/latchisailingcharters.com\/fr\/wp-json\/wp\/v2\/users\/1"}],"replies":[{"embeddable":true,"href":"https:\/\/latchisailingcharters.com\/fr\/wp-json\/wp\/v2\/comments?post=2058"}],"version-history":[{"count":8,"href":"https:\/\/latchisailingcharters.com\/fr\/wp-json\/wp\/v2\/pages\/2058\/revisions"}],"predecessor-version":[{"id":2389,"href":"https:\/\/latchisailingcharters.com\/fr\/wp-json\/wp\/v2\/pages\/2058\/revisions\/2389"}],"up":[{"embeddable":true,"href":"https:\/\/latchisailingcharters.com\/fr\/wp-json\/wp\/v2\/pages\/2048"}],"wp:attachment":[{"href":"https:\/\/latchisailingcharters.com\/fr\/wp-json\/wp\/v2\/media?parent=2058"}],"curies":[{"name":"wp","href":"https:\/\/api.w.org\/{rel}","templated":true}]}}