{"id":2095,"date":"2024-03-04T07:43:24","date_gmt":"2024-03-04T07:43:24","guid":{"rendered":"https:\/\/latchisailingcharters.com\/contact\/"},"modified":"2025-06-10T07:36:37","modified_gmt":"2025-06-10T07:36:37","slug":"contact","status":"publish","type":"page","link":"https:\/\/latchisailingcharters.com\/fr\/contact\/","title":{"rendered":"Contact"},"content":{"rendered":"<section data-bb-version=\"4.8.4\" id=\"bt_bb_section6a04f0b77e80f\" class=\"bt_bb_section bt_bb_layout_boxed_1200 bt_bb_vertical_align_top bt_bb_top_spacing_none bt_bb_bottom_spacing_60 bt_bb_negative_margin_none\"  data-bt-override-class=\"{&quot;bt_bb_top_spacing_&quot;:{&quot;current_class&quot;:&quot;bt_bb_top_spacing_none&quot;,&quot;def&quot;:&quot;none&quot;,&quot;xl&quot;:&quot;45&quot;},&quot;bt_bb_bottom_spacing_&quot;:{&quot;current_class&quot;:&quot;bt_bb_bottom_spacing_60&quot;,&quot;def&quot;:&quot;60&quot;},&quot;bt_bb_negative_margin_&quot;:{&quot;current_class&quot;:&quot;bt_bb_negative_margin_none&quot;,&quot;def&quot;:&quot;none&quot;}}\"><div class=\"bt_bb_port\"><div class=\"bt_bb_cell\"><div class=\"bt_bb_cell_inner\"><div class=\"bt_bb_row \"  data-bt-override-class=\"{}\"><div class=\"bt_bb_row_holder\" ><div data-bb-version=\"4.8.4\"  class=\"bt_bb_column col-xxl-6 col-xl-6 col-xs-12 col-sm-6 col-md-6 col-lg-6 bt_bb_vertical_align_top bt_bb_align_left bt_bb_padding_normal\" style=\"; --column-width:6;\" data-width=\"6\" data-bt-override-class=\"{}\"><div class=\"bt_bb_column_content\"><div class=\"bt_bb_column_content_inner\"><div class=\"bt_bb_column_content_inner_inner\"><div data-bb-version=\"4.8.4\"  class=\"bt_bb_text\" ><\/p>\n<div class=\"wp-block-group alignwide nfd-my-0 nfd-p-lg\">\n<h1 class=\"wp-block-heading has-text-align-center nfd-text-current nfd-text-giga\"> <\/h1>\n<p><!-- \/wp:post-content --><\/p>\n<p><!-- wp:group {\"style\":{\"spacing\":{\"blockGap\":\"24px\"}},\"className\":\"nfd-text-md nfd-text-opacity-80\",\"layout\":{\"type\":\"constrained\",\"contentSize\":\"600px\"}} --><\/p>\n<div class=\"wp-block-group nfd-text-md nfd-text-opacity-80\">\n<p><!-- wp:paragraph {\"align\":\"center\"} --><\/p>\n<p class=\"has-text-align-center\">N&#8217;h\u00e9sitez pas \u00e0 nous contacter ! Appelez Notre \u00c9quipe et Posez vos questions \u00e0 l&#8217;un de nos op\u00e9rateurs d\u00e8s aujourd&#8217;hui ! <br \/><strong style=\"background-color: initial;\">Latchi<\/strong><\/p>\n<\/div>\n<\/div>\n<div class=\"wp-block-group has-border-color has-white-background-color has-background\" style=\"border-color: #00000017; border-width: 1px; border-radius: 19px; padding: 4px;\">\n<div class=\"wp-block-group nfd-p-md nfd-bg-gray-800 nfd-text-base md:nfd-basis-full has-white-color has-black-background-color has-text-color has-background has-link-color\" style=\"border-radius: 16px;\">\n<div class=\"wp-block-group\">\n<div class=\"wp-block-group\">\n<p><!-- \/wp:paragraph --><\/p>\n<p><!-- wp:paragraph {\"className\":\"nfd-text-opacity-80 nfd-text-sm\"} --><\/p>\n<p class=\"nfd-text-opacity-80 nfd-text-sm\">Port de Latchi<br \/>Paphos, Chypre<\/p>\n<p><!-- \/wp:paragraph --><\/p>\n<p><!-- wp:paragraph {\"className\":\"nfd-text-opacity-80 nfd-text-sm\"} --><\/p>\n<p class=\"nfd-text-opacity-80 nfd-text-sm\">+357 94 580 890<br \/>info@latchisailingcharters.com<\/p>\n<\/div>\n<div class=\"wp-block-group\">\n<p><!-- \/wp:paragraph --><\/p>\n<p><!-- wp:paragraph {\"className\":\"nfd-text-opacity-80 nfd-text-sm\"} --><\/p>\n<p class=\"nfd-text-opacity-80 nfd-text-sm\"><span style=\"background-color: initial;\">Bienvenue chez Latchi Sailing Charters, pour des aventures de navigation spectaculaires directement depuis le port de Latchi. Navigation Authentique et Yachting<\/span><\/p>\n<\/div>\n<p><!-- \/wp:paragraph --><\/p>\n<\/div>\n<\/div>\n<\/div>\n<p>&nbsp;<\/p>\n<p>\n<\/div><div data-bb-version=\"4.8.4\" class=\"bt_bb_google_maps bt_bb_map bt_bb_map_type_interactive\" data-center=\"no\" data-bt-override-class=\"{}\"><div class=\"bt_bb_google_maps_map bt_bb_map_map\" id=\"map_canvas6a04f0b77ecc5\" data-height=\"0\" data-api-key=\"\" data-map-type=\"interactive\" data-zoom=\"14\" data-init-finished=\"false\" data-custom-style=\"\"\"><\/div><\/div><\/div><\/div><\/div><\/div><div data-bb-version=\"4.8.4\"  class=\"bt_bb_column col-xxl-6 col-xl-6 col-xs-12 col-sm-6 col-md-6 col-lg-6 bt_bb_vertical_align_bottom bt_bb_align_left bt_bb_padding_none\" style=\"; --column-width:6;\" data-width=\"6\" data-bt-override-class=\"{&quot;bt_bb_align_&quot;:{&quot;current_class&quot;:&quot;bt_bb_align_left&quot;,&quot;def&quot;:&quot;left&quot;},&quot;bt_bb_padding_&quot;:{&quot;current_class&quot;:&quot;bt_bb_padding_none&quot;,&quot;def&quot;:&quot;none&quot;}}\"><div class=\"bt_bb_column_content\"><div class=\"bt_bb_column_content_inner\"><div class=\"bt_bb_column_content_inner_inner\"><div data-bb-version=\"5.2.8\" class=\"bt_bb_image bt_bb_shape_square bt_bb_target_self bt_bb_align_inherit bt_bb_hover_style_simple bt_bb_content_display_always bt_bb_content_align_middle bt_bb_top_negative_margin_none bt_bb_bottom_negative_margin_none bt_bb_right_negative_margin_none bt_bb_left_negative_margin_none\" data-bt-override-class=\"{&quot;bt_bb_align_&quot;:{&quot;current_class&quot;:&quot;bt_bb_align_inherit&quot;,&quot;def&quot;:&quot;inherit&quot;},&quot;bt_bb_content_display_&quot;:{&quot;current_class&quot;:&quot;bt_bb_content_display_always&quot;,&quot;def&quot;:&quot;always&quot;},&quot;bt_bb_top_negative_margin_&quot;:{&quot;current_class&quot;:&quot;bt_bb_top_negative_margin_none&quot;,&quot;def&quot;:&quot;none&quot;},&quot;bt_bb_bottom_negative_margin_&quot;:{&quot;current_class&quot;:&quot;bt_bb_bottom_negative_margin_none&quot;,&quot;def&quot;:&quot;none&quot;},&quot;bt_bb_right_negative_margin_&quot;:{&quot;current_class&quot;:&quot;bt_bb_right_negative_margin_none&quot;,&quot;def&quot;:&quot;none&quot;},&quot;bt_bb_left_negative_margin_&quot;:{&quot;current_class&quot;:&quot;bt_bb_left_negative_margin_none&quot;,&quot;def&quot;:&quot;none&quot;},&quot;bt_bb_animation_&quot;:{&quot;current_class&quot;:&quot;bt_bb_animation_no_animation&quot;,&quot;def&quot;:&quot;no_animation&quot;}}\"><span><img loading=\"lazy\" decoding=\"async\" width=\"573\" height=\"635\" src=\"https:\/\/latchisailingcharters.com\/wp-content\/uploads\/2025\/03\/map2.jpg\" class=\"attachment-full size-full\" alt=\"https:\/\/latchisailingcharters.com\/wp-content\/uploads\/2025\/03\/map2.jpg\" data-full_image_src=\"https:\/\/latchisailingcharters.com\/wp-content\/uploads\/2025\/03\/map2.jpg\" title=\"map2\" srcset=\"https:\/\/latchisailingcharters.com\/wp-content\/uploads\/2025\/03\/map2.jpg 573w, https:\/\/latchisailingcharters.com\/wp-content\/uploads\/2025\/03\/map2-320x355.jpg 320w\" sizes=\"auto, (max-width: 573px) 100vw, 573px\" \/><\/span><\/div><\/div><\/div><\/div><\/div><\/div><\/div><\/div><!-- cell_inner --><\/div><!-- cell --><\/div><!-- port --><\/section>\n","protected":false},"excerpt":{"rendered":"","protected":false},"author":1,"featured_media":0,"parent":0,"menu_order":0,"comment_status":"closed","ping_status":"closed","template":"","meta":{"nf_dc_page":"","footnotes":""},"class_list":["post-2095","page","type-page","status-publish","hentry"],"yoast_head":"<!-- This site is optimized with the Yoast SEO plugin v27.2 - https:\/\/yoast.com\/product\/yoast-seo-wordpress\/ -->\n<title>Contact - Latchi Sailing Charters<\/title>\n<meta name=\"robots\" content=\"index, follow, max-snippet:-1, max-image-preview:large, max-video-preview:-1\" \/>\n<link rel=\"canonical\" href=\"https:\/\/latchisailingcharters.com\/fr\/contact\/\" \/>\n<meta property=\"og:locale\" content=\"fr_FR\" \/>\n<meta property=\"og:type\" content=\"article\" \/>\n<meta property=\"og:title\" content=\"Contact - Latchi Sailing Charters\" \/>\n<meta property=\"og:url\" content=\"https:\/\/latchisailingcharters.com\/fr\/contact\/\" \/>\n<meta property=\"og:site_name\" content=\"Latchi Sailing Charters\" \/>\n<meta property=\"article:publisher\" content=\"https:\/\/www.facebook.com\/latchisailingcharters\" \/>\n<meta property=\"article:modified_time\" content=\"2025-06-10T07:36:37+00:00\" \/>\n<meta name=\"twitter:card\" content=\"summary_large_image\" \/>\n<meta name=\"twitter:site\" content=\"@LatchiSailing\" \/>\n<meta name=\"twitter:label1\" content=\"Dur\u00e9e de lecture estim\u00e9e\" \/>\n\t<meta name=\"twitter:data1\" content=\"1 minute\" \/>\n<script type=\"application\/ld+json\" class=\"yoast-schema-graph\">{\"@context\":\"https:\/\/schema.org\",\"@graph\":[{\"@type\":\"WebPage\",\"@id\":\"https:\/\/latchisailingcharters.com\/fr\/contact\/\",\"url\":\"https:\/\/latchisailingcharters.com\/fr\/contact\/\",\"name\":\"Contact - Latchi Sailing Charters\",\"isPartOf\":{\"@id\":\"https:\/\/latchisailingcharters.com\/fr\/#website\"},\"datePublished\":\"2024-03-04T07:43:24+00:00\",\"dateModified\":\"2025-06-10T07:36:37+00:00\",\"breadcrumb\":{\"@id\":\"https:\/\/latchisailingcharters.com\/fr\/contact\/#breadcrumb\"},\"inLanguage\":\"fr-FR\",\"potentialAction\":[{\"@type\":\"ReadAction\",\"target\":[\"https:\/\/latchisailingcharters.com\/fr\/contact\/\"]}]},{\"@type\":\"BreadcrumbList\",\"@id\":\"https:\/\/latchisailingcharters.com\/fr\/contact\/#breadcrumb\",\"itemListElement\":[{\"@type\":\"ListItem\",\"position\":1,\"name\":\"Home\",\"item\":\"https:\/\/latchisailingcharters.com\/fr\/\"},{\"@type\":\"ListItem\",\"position\":2,\"name\":\"Contact\"}]},{\"@type\":\"WebSite\",\"@id\":\"https:\/\/latchisailingcharters.com\/fr\/#website\",\"url\":\"https:\/\/latchisailingcharters.com\/fr\/\",\"name\":\"Latchi Sailing Charters\",\"description\":\"For spectacular day sailing adventures direct from Latchi Harbour\",\"publisher\":{\"@id\":\"https:\/\/latchisailingcharters.com\/fr\/#organization\"},\"potentialAction\":[{\"@type\":\"SearchAction\",\"target\":{\"@type\":\"EntryPoint\",\"urlTemplate\":\"https:\/\/latchisailingcharters.com\/fr\/?s={search_term_string}\"},\"query-input\":{\"@type\":\"PropertyValueSpecification\",\"valueRequired\":true,\"valueName\":\"search_term_string\"}}],\"inLanguage\":\"fr-FR\"},{\"@type\":\"Organization\",\"@id\":\"https:\/\/latchisailingcharters.com\/fr\/#organization\",\"name\":\"Latchi Sailing Charters\",\"url\":\"https:\/\/latchisailingcharters.com\/fr\/\",\"logo\":{\"@type\":\"ImageObject\",\"inLanguage\":\"fr-FR\",\"@id\":\"https:\/\/latchisailingcharters.com\/fr\/#\/schema\/logo\/image\/\",\"url\":\"https:\/\/latchisailingcharters.com\/wp-content\/uploads\/2025\/03\/cropped-site-icon-2025.png\",\"contentUrl\":\"https:\/\/latchisailingcharters.com\/wp-content\/uploads\/2025\/03\/cropped-site-icon-2025.png\",\"width\":512,\"height\":512,\"caption\":\"Latchi Sailing Charters\"},\"image\":{\"@id\":\"https:\/\/latchisailingcharters.com\/fr\/#\/schema\/logo\/image\/\"},\"sameAs\":[\"https:\/\/www.facebook.com\/latchisailingcharters\",\"https:\/\/x.com\/LatchiSailing\",\"https:\/\/www.instagram.com\/latchisailing\/\",\"https:\/\/www.threads.net\/@latchisailing\",\"https:\/\/www.youtube.com\/@LatchiSailingCharters\",\"https:\/\/g.co\/kgs\/23ybDxk\"]}]}<\/script>\n<!-- \/ Yoast SEO plugin. -->","yoast_head_json":{"title":"Contact - Latchi Sailing Charters","robots":{"index":"index","follow":"follow","max-snippet":"max-snippet:-1","max-image-preview":"max-image-preview:large","max-video-preview":"max-video-preview:-1"},"canonical":"https:\/\/latchisailingcharters.com\/fr\/contact\/","og_locale":"fr_FR","og_type":"article","og_title":"Contact - Latchi Sailing Charters","og_url":"https:\/\/latchisailingcharters.com\/fr\/contact\/","og_site_name":"Latchi Sailing Charters","article_publisher":"https:\/\/www.facebook.com\/latchisailingcharters","article_modified_time":"2025-06-10T07:36:37+00:00","twitter_card":"summary_large_image","twitter_site":"@LatchiSailing","twitter_misc":{"Dur\u00e9e de lecture estim\u00e9e":"1 minute"},"schema":{"@context":"https:\/\/schema.org","@graph":[{"@type":"WebPage","@id":"https:\/\/latchisailingcharters.com\/fr\/contact\/","url":"https:\/\/latchisailingcharters.com\/fr\/contact\/","name":"Contact - Latchi Sailing Charters","isPartOf":{"@id":"https:\/\/latchisailingcharters.com\/fr\/#website"},"datePublished":"2024-03-04T07:43:24+00:00","dateModified":"2025-06-10T07:36:37+00:00","breadcrumb":{"@id":"https:\/\/latchisailingcharters.com\/fr\/contact\/#breadcrumb"},"inLanguage":"fr-FR","potentialAction":[{"@type":"ReadAction","target":["https:\/\/latchisailingcharters.com\/fr\/contact\/"]}]},{"@type":"BreadcrumbList","@id":"https:\/\/latchisailingcharters.com\/fr\/contact\/#breadcrumb","itemListElement":[{"@type":"ListItem","position":1,"name":"Home","item":"https:\/\/latchisailingcharters.com\/fr\/"},{"@type":"ListItem","position":2,"name":"Contact"}]},{"@type":"WebSite","@id":"https:\/\/latchisailingcharters.com\/fr\/#website","url":"https:\/\/latchisailingcharters.com\/fr\/","name":"Latchi Sailing Charters","description":"For spectacular day sailing adventures direct from Latchi Harbour","publisher":{"@id":"https:\/\/latchisailingcharters.com\/fr\/#organization"},"potentialAction":[{"@type":"SearchAction","target":{"@type":"EntryPoint","urlTemplate":"https:\/\/latchisailingcharters.com\/fr\/?s={search_term_string}"},"query-input":{"@type":"PropertyValueSpecification","valueRequired":true,"valueName":"search_term_string"}}],"inLanguage":"fr-FR"},{"@type":"Organization","@id":"https:\/\/latchisailingcharters.com\/fr\/#organization","name":"Latchi Sailing Charters","url":"https:\/\/latchisailingcharters.com\/fr\/","logo":{"@type":"ImageObject","inLanguage":"fr-FR","@id":"https:\/\/latchisailingcharters.com\/fr\/#\/schema\/logo\/image\/","url":"https:\/\/latchisailingcharters.com\/wp-content\/uploads\/2025\/03\/cropped-site-icon-2025.png","contentUrl":"https:\/\/latchisailingcharters.com\/wp-content\/uploads\/2025\/03\/cropped-site-icon-2025.png","width":512,"height":512,"caption":"Latchi Sailing Charters"},"image":{"@id":"https:\/\/latchisailingcharters.com\/fr\/#\/schema\/logo\/image\/"},"sameAs":["https:\/\/www.facebook.com\/latchisailingcharters","https:\/\/x.com\/LatchiSailing","https:\/\/www.instagram.com\/latchisailing\/","https:\/\/www.threads.net\/@latchisailing","https:\/\/www.youtube.com\/@LatchiSailingCharters","https:\/\/g.co\/kgs\/23ybDxk"]}]}},"_links":{"self":[{"href":"https:\/\/latchisailingcharters.com\/fr\/wp-json\/wp\/v2\/pages\/2095","targetHints":{"allow":["GET"]}}],"collection":[{"href":"https:\/\/latchisailingcharters.com\/fr\/wp-json\/wp\/v2\/pages"}],"about":[{"href":"https:\/\/latchisailingcharters.com\/fr\/wp-json\/wp\/v2\/types\/page"}],"author":[{"embeddable":true,"href":"https:\/\/latchisailingcharters.com\/fr\/wp-json\/wp\/v2\/users\/1"}],"replies":[{"embeddable":true,"href":"https:\/\/latchisailingcharters.com\/fr\/wp-json\/wp\/v2\/comments?post=2095"}],"version-history":[{"count":7,"href":"https:\/\/latchisailingcharters.com\/fr\/wp-json\/wp\/v2\/pages\/2095\/revisions"}],"predecessor-version":[{"id":2704,"href":"https:\/\/latchisailingcharters.com\/fr\/wp-json\/wp\/v2\/pages\/2095\/revisions\/2704"}],"wp:attachment":[{"href":"https:\/\/latchisailingcharters.com\/fr\/wp-json\/wp\/v2\/media?parent=2095"}],"curies":[{"name":"wp","href":"https:\/\/api.w.org\/{rel}","templated":true}]}}